{"id":40,"date":"2025-12-18T10:24:10","date_gmt":"2025-12-18T10:24:10","guid":{"rendered":"https:\/\/vld.li\/?page_id=40"},"modified":"2025-12-18T10:54:24","modified_gmt":"2025-12-18T10:54:24","slug":"ueber-uns","status":"publish","type":"page","link":"https:\/\/vld.li\/index.php\/ueber-uns\/","title":{"rendered":"\u00dcber uns"},"content":{"rendered":"\n<p>Der Verein der labormedizinischen Diagnostiker setzt sich f\u00fcr die Interessen seiner Mitglieder und die Weiterentwicklung der labormedizinischen Diagnostik ein. Unser Ziel ist es, die Qualit\u00e4t und das Ansehen der medizinischen Labordiagnostik kontinuierlich zu f\u00f6rdern und die Fachwelt durch Wissensaustausch und Forschung zu bereichern.<\/p>\n\n\n\n<p>Der Verein bietet eine Plattform, auf der Fachleute sich vernetzen, voneinander lernen und gemeinsam an der Verbesserung der Labordienstleistungen arbeiten k\u00f6nnen. <\/p>\n\n\n\n<p><strong>Vorstand<\/strong><br>Der Vorstand besteht aus drei Mitgliedern: einem Pr\u00e4sidenten, einem Aktuar und einem Kassier. Der Vorstand wird von der Generalversammlung gew\u00e4hlt und ist f\u00fcr die Leitung des Vereins verantwortlich.<br><em>Vorstand: Prof. Dr. med. Lorenz Risch<\/em><\/p>\n\n\n\n<p><strong>Kommissionen<\/strong><br>Die Aufgaben und Zust\u00e4ndigkeiten der Kommissionen werden von der Generalversammlung festgelegt und schriftlich dokumentiert. Mitglieder dieser Kommissionen vertreten die Interessen des Vereins in spezifischen Fachbereichen und tragen zur kontinuierlichen Weiterentwicklung der labormedizinischen Diagnostik bei. <\/p>\n\n\n\n<p>Dazu geh\u00f6rt auch die Leistungskommission, die f\u00fcr die Qualit\u00e4tssicherung und die Verbesserung der Labordienstleistungen verantwortlich ist. <br>Vertreter der Leistungskommission: <em>Prof. Dr. med. Lorenz Risch<\/em><\/p>\n\n\n\n<p><strong>Vereinszweck<\/strong><br>Der Verein verfolgt den Zweck, die gemeinsamen Berufsinteressen seiner Mitglieder zu wahren und das Ansehen der medizinischen Labordiagnostik zu f\u00f6rdern. Dazu geh\u00f6rt das Engagement in der Qualit\u00e4tssicherung, der Verbesserung von Labordienstleistungen, der Vermehrung von labormedizinischem Wissen und der F\u00f6rderung von Forschung.<\/p>\n\n\n\n<p><strong>Statuten<\/strong><br>Die Statuten des Vereins regeln die Grundlagen des Vereinslebens, die Mitgliederstruktur und die Aufgaben der Vereinsorgane. Sie umfassen Bestimmungen \u00fcber die Rechte und Pflichten der Mitglieder, die Zusammensetzung des Vorstands, die Durchf\u00fchrung von Generalversammlungen sowie die Bildung von Kommissionen und Delegierten. <\/p>\n\n\n\n<div data-wp-interactive=\"core\/file\" class=\"wp-block-file\"><object data-wp-bind--hidden=\"!state.hasPdfPreview\" hidden class=\"wp-block-file__embed\" data=\"https:\/\/vld.li\/wp-content\/uploads\/2025\/12\/Statuen_VLD_2010.pdf\" type=\"application\/pdf\" style=\"width:100%;height:600px\" aria-label=\"Einbettung von Statuen_VLD_2010.\"><\/object><a id=\"wp-block-file--media-c360da13-60e2-47be-93fd-eaa357653df9\" href=\"https:\/\/vld.li\/wp-content\/uploads\/2025\/12\/Statuen_VLD_2010.pdf\">Statuen_VLD_2010<\/a><a href=\"https:\/\/vld.li\/wp-content\/uploads\/2025\/12\/Statuen_VLD_2010.pdf\" class=\"wp-block-file__button wp-element-button\" download aria-describedby=\"wp-block-file--media-c360da13-60e2-47be-93fd-eaa357653df9\">Herunterladen<\/a><\/div>\n","protected":false},"excerpt":{"rendered":"<p>Der Verein der labormedizinischen Diagnostiker setzt sich f\u00fcr die Interessen seiner Mitglieder und die Weiterentwicklung der labormedizinischen Diagnostik ein. Unser Ziel ist es, die Qualit\u00e4t und das Ansehen der medizinischen Labordiagnostik kontinuierlich zu f\u00f6rdern und die Fachwelt durch Wissensaustausch und Forschung zu bereichern. Der Verein bietet eine Plattform, auf der Fachleute sich vernetzen, voneinander lernen [&hellip;]<\/p>\n","protected":false},"author":1,"featured_media":0,"parent":0,"menu_order":0,"comment_status":"closed","ping_status":"closed","template":"","meta":{"footnotes":""},"class_list":["post-40","page","type-page","status-publish","hentry"],"_links":{"self":[{"href":"https:\/\/vld.li\/index.php\/wp-json\/wp\/v2\/pages\/40","targetHints":{"allow":["GET"]}}],"collection":[{"href":"https:\/\/vld.li\/index.php\/wp-json\/wp\/v2\/pages"}],"about":[{"href":"https:\/\/vld.li\/index.php\/wp-json\/wp\/v2\/types\/page"}],"author":[{"embeddable":true,"href":"https:\/\/vld.li\/index.php\/wp-json\/wp\/v2\/users\/1"}],"replies":[{"embeddable":true,"href":"https:\/\/vld.li\/index.php\/wp-json\/wp\/v2\/comments?post=40"}],"version-history":[{"count":19,"href":"https:\/\/vld.li\/index.php\/wp-json\/wp\/v2\/pages\/40\/revisions"}],"predecessor-version":[{"id":69,"href":"https:\/\/vld.li\/index.php\/wp-json\/wp\/v2\/pages\/40\/revisions\/69"}],"wp:attachment":[{"href":"https:\/\/vld.li\/index.php\/wp-json\/wp\/v2\/media?parent=40"}],"curies":[{"name":"wp","href":"https:\/\/api.w.org\/{rel}","templated":true}]}}